{"id":495,"date":"2026-03-13T15:51:46","date_gmt":"2026-03-13T14:51:46","guid":{"rendered":"https:\/\/gogogo.academy\/?page_id=495"},"modified":"2026-04-08T14:09:16","modified_gmt":"2026-04-08T12:09:16","slug":"erfahrungen","status":"publish","type":"page","link":"https:\/\/gogogo.academy\/en\/erfahrungen\/","title":{"rendered":"References"},"content":{"rendered":"\n<div class=\"container section-title-container\" ><h1 class=\"section-title section-title-center\"><b aria-hidden=\"true\"><\/b><span class=\"section-title-main\" >TEILNEHMER UND TEILNEHMERINNEN<\/span><b aria-hidden=\"true\"><\/b><\/h1><\/div>\n\n<div class=\"row\"  id=\"row-993318365\">\n\n\n\t<div id=\"col-1812642347\" class=\"col medium-6 small-12 large-6\"  >\n\t\t\t\t<div class=\"col-inner\"  >\n\t\t\t\n\t\t\t\n\n\t<div class=\"img has-hover x md-x lg-x y md-y lg-y\" id=\"image_850770084\">\n\t\t\t\t\t\t\t\t<div class=\"img-inner image-cover dark\" style=\"padding-top:56.25%;\">\n\t\t\t<img loading=\"lazy\" decoding=\"async\" width=\"437\" height=\"400\" src=\"https:\/\/gogogo.academy\/wp-content\/uploads\/2026\/03\/dumbats.jpg-437x400.avif\" class=\"attachment-medium size-medium\" alt=\"\" srcset=\"https:\/\/gogogo.academy\/wp-content\/uploads\/2026\/03\/dumbats.jpg-437x400.avif 437w, https:\/\/gogogo.academy\/wp-content\/uploads\/2026\/03\/dumbats.jpg-874x800.avif 874w, https:\/\/gogogo.academy\/wp-content\/uploads\/2026\/03\/dumbats.jpg-768x703.avif 768w, https:\/\/gogogo.academy\/wp-content\/uploads\/2026\/03\/dumbats.jpg-600x549.avif 600w, https:\/\/gogogo.academy\/wp-content\/uploads\/2026\/03\/dumbats.jpg.avif 900w\" sizes=\"auto, (max-width: 437px) 100vw, 437px\" \/>\t\t\t\t\t\t\n\t\t\t\t\t<\/div>\n\t\t\t\t\t\t\t\t\n<style>\n#image_850770084 {\n  width: 100%;\n}\n<\/style>\n\t<\/div>\n\t\n\n<h2 style=\"text-align: center;\">Malu von DUMBATS<\/h2>\n<p><strong><br \/>Paket: Workshop: BOOKING TOOLS &amp; STRATEGIEN (Deutsch)<\/strong><br \/><strong>+ 1 Stunde Fokus Coaching<\/p>\n<p><\/strong><em>Der Workshop mit Eva war f\u00fcr mich ein echtes Upgrade.<\/em><br \/><em>Super entspannte, lockere Atmosph\u00e4re \u2013 und trotzdem richtig viel Substanz. Selbst bei Themen, bei denen ich dachte \u201ekenn ich schon\u201c, gab\u2019s nochmal neue Blickwinkel und vor allem wertvolle Insights aus der Booker-Perspektive. Genau dieser Perspektivwechsel macht den Unterschied.<\/em><\/p>\n<p><em>Besonders stark: die vielen praktischen Tipps, die man direkt umsetzen kann. Kein unn\u00f6tiger Theorie-Overload, sondern echtes Praxiswissen.<\/em><br \/><em>Mega hilfreich sind die Tools und Vorlagen. Sie geben Struktur und sorgen daf\u00fcr, dass man nachhaltig weiterarbeitet \u2013 nicht nur motiviert aus dem Workshop geht, sondern wirklich ins Tun kommt.<\/em><br \/><em>Klare Empfehlung f\u00fcr alle, die ihr Booking professioneller und strategischer angehen wollen.<\/em><strong><br \/><\/strong><\/p>\n\n\t\t<\/div>\n\t\t\t\t\t<\/div>\n\n\t\n\n\t<div id=\"col-985200294\" class=\"col medium-6 small-12 large-6\"  >\n\t\t\t\t<div class=\"col-inner\"  >\n\t\t\t\n\t\t\t\n\n\t<div class=\"img has-hover x md-x lg-x y md-y lg-y\" id=\"image_1903324891\">\n\t\t\t\t\t\t\t\t<div class=\"img-inner image-cover dark\" style=\"padding-top:56.25%;\">\n\t\t\t<img loading=\"lazy\" decoding=\"async\" width=\"527\" height=\"400\" src=\"https:\/\/gogogo.academy\/wp-content\/uploads\/2026\/03\/Raw-King-Rats-527x400.png\" class=\"attachment-medium size-medium\" alt=\"\" srcset=\"https:\/\/gogogo.academy\/wp-content\/uploads\/2026\/03\/Raw-King-Rats-527x400.png 527w, https:\/\/gogogo.academy\/wp-content\/uploads\/2026\/03\/Raw-King-Rats-1054x800.png 1054w, https:\/\/gogogo.academy\/wp-content\/uploads\/2026\/03\/Raw-King-Rats-768x583.png 768w, https:\/\/gogogo.academy\/wp-content\/uploads\/2026\/03\/Raw-King-Rats-1536x1165.png 1536w, https:\/\/gogogo.academy\/wp-content\/uploads\/2026\/03\/Raw-King-Rats-600x455.png 600w, https:\/\/gogogo.academy\/wp-content\/uploads\/2026\/03\/Raw-King-Rats.png 1608w\" sizes=\"auto, (max-width: 527px) 100vw, 527px\" \/>\t\t\t\t\t\t\n\t\t\t\t\t<\/div>\n\t\t\t\t\t\t\t\t\n<style>\n#image_1903324891 {\n  width: 100%;\n}\n<\/style>\n\t<\/div>\n\t\n\n<h2 style=\"text-align: center;\">Cornelius von RAW KING RATS, DUMBATS<\/h2>\n<div>\n<div class=\"elementToProof\">\n<p style=\"text-align: center;\"><strong>Paket: Workshop: BOOKING TOOLS &amp; STRATEGIES (English)<\/strong><br \/><strong>+ 1 Stunde Fokus Coaching<br \/><\/strong><em><br \/>Meine Bandkollegin und ich haben uns beide daf\u00fcr entschieden, diesen Workshop zu machen, sie auf Deutsch und ich auf Englisch. Wir hatten die gleiche positive Erfahrung: Ich hatte das Gef\u00fchl, dass der Workshop nicht versuchte, als eine Art Anleitung f\u00fcr geheime Insider-Informationen zu wirken, sondern vielmehr eine M\u00f6glichkeit ist, Musiker:innen und anderen Profis zu helfen, ihre Umsetzung zu verbessern, eine ehrliche Bestandsaufnahme von sich selbst zu machen und daran zu erinnern, dass auch betriebswirtschaftliches Wissen entscheidend f\u00fcr das ist, was wir tun.<\/em><\/p>\n<p style=\"text-align: center;\"><em>Ich fand, dass Eva&#8217;s Pr\u00e4sentation ehrlich und unterhaltsam war und auf einer F\u00fclle von realen Erfahrungen und Lektionen basierte. Dadurch f\u00fchle ich mich jetzt viel besser darauf vorbereitet, mehr Verantwortung in meinen beiden Bands zu \u00fcbernehmen, und ich freue mich auf weiteres Coaching in der Zukunft!<\/em><\/p>\n<p>\u00a0<\/p>\n<\/div>\n<div>\u00a0<\/div>\n<\/div>\n\n\t\t<\/div>\n\t\t\t\t\t<\/div>\n\n\t\n\n<\/div>\n<div class=\"row\"  id=\"row-139123468\">\n\n\n\t<div id=\"col-910627945\" class=\"col medium-6 small-12 large-6\"  >\n\t\t\t\t<div class=\"col-inner\"  >\n\t\t\t\n\t\t\t\n\n\t<div class=\"img has-hover x md-x lg-x y md-y lg-y\" id=\"image_2100457837\">\n\t\t\t\t\t\t\t\t<div class=\"img-inner image-cover dark\" style=\"padding-top:56.25%;\">\n\t\t\t<img loading=\"lazy\" decoding=\"async\" width=\"414\" height=\"400\" src=\"https:\/\/gogogo.academy\/wp-content\/uploads\/2026\/03\/Boaznkaefer-414x400.png\" class=\"attachment-medium size-medium\" alt=\"\" srcset=\"https:\/\/gogogo.academy\/wp-content\/uploads\/2026\/03\/Boaznkaefer-414x400.png 414w, https:\/\/gogogo.academy\/wp-content\/uploads\/2026\/03\/Boaznkaefer-828x800.png 828w, https:\/\/gogogo.academy\/wp-content\/uploads\/2026\/03\/Boaznkaefer-768x742.png 768w, https:\/\/gogogo.academy\/wp-content\/uploads\/2026\/03\/Boaznkaefer-600x580.png 600w, https:\/\/gogogo.academy\/wp-content\/uploads\/2026\/03\/Boaznkaefer.png 882w\" sizes=\"auto, (max-width: 414px) 100vw, 414px\" \/>\t\t\t\t\t\t\n\t\t\t\t\t<\/div>\n\t\t\t\t\t\t\t\t\n<style>\n#image_2100457837 {\n  width: 100%;\n}\n<\/style>\n\t<\/div>\n\t\n\n<h2>Das Booking Team von ZUM BOAZNKAEFER<\/h2>\n\n\t\t<\/div>\n\t\t\t\t\t<\/div>\n\n\t\n\n\t<div id=\"col-120804609\" class=\"col medium-6 small-12 large-6\"  >\n\t\t\t\t<div class=\"col-inner\"  >\n\t\t\t\n\t\t\t\n\n\t<div class=\"img has-hover x md-x lg-x y md-y lg-y\" id=\"image_469028626\">\n\t\t\t\t\t\t\t\t<div class=\"img-inner image-cover dark\" style=\"padding-top:56.25%;\">\n\t\t\t<img loading=\"lazy\" decoding=\"async\" width=\"601\" height=\"400\" src=\"https:\/\/gogogo.academy\/wp-content\/uploads\/2026\/03\/annyogrezeanu-601x400.avif\" class=\"attachment-medium size-medium\" alt=\"\" srcset=\"https:\/\/gogogo.academy\/wp-content\/uploads\/2026\/03\/annyogrezeanu-601x400.avif 601w, https:\/\/gogogo.academy\/wp-content\/uploads\/2026\/03\/annyogrezeanu-1202x800.avif 1202w, https:\/\/gogogo.academy\/wp-content\/uploads\/2026\/03\/annyogrezeanu-768x511.avif 768w, https:\/\/gogogo.academy\/wp-content\/uploads\/2026\/03\/annyogrezeanu-600x399.avif 600w, https:\/\/gogogo.academy\/wp-content\/uploads\/2026\/03\/annyogrezeanu.avif 1500w\" sizes=\"auto, (max-width: 601px) 100vw, 601px\" \/>\t\t\t\t\t\t\n\t\t\t\t\t<\/div>\n\t\t\t\t\t\t\t\t\n<style>\n#image_469028626 {\n  width: 100%;\n}\n<\/style>\n\t<\/div>\n\t\n\n<h2>ANNY OGREZEANU<\/h2>\n<div class=\"elementToProof\"><em><strong>3 x 1 Stunde Fokus Coaching<\/strong><br \/>Ich hatte diesen gro\u00dfen Traum auf meine erste eigene Tour zu gehen, der mir aber unerreichbar erschien, weil ich einfach \u00fcberhaupt nicht wusste wo ich anfangen soll. Also hat Eva mir geholfen die Tour zu planen, zu buchen und letztendlich anzuk\u00fcndigen. <br \/><\/em><br \/><em>Sie hat mir die verschiedenen Schritte und Zeitrahmen erkl\u00e4rt, welche Dinge ich brauche und beachten muss, aber auch welche egal sind. <br \/><\/em><br \/><em>Ich habe gelernt, wie ich Veranstalter kontaktiere um sinnvolle R\u00fcckmeldungen zu bekommen, wie ich mich als K\u00fcnstler pr\u00e4sentiere und wie ich Finanzen plane.<\/p>\n<p><\/em><\/div>\n<div class=\"elementToProof\"><em>Ich habe mich jedes Mal auf die Meetings mit Eva gefreut, weil ich unheimlich viel Wertvolles lernen konnte ohne das Gef\u00fchl zu haben, dass sie von meiner Ahnungslosigkeit belustigt oder genervt w\u00e4re. <\/p>\n<p>Stattdessen hat sie mir mit Geduld und viel Fachwissen gezeigt hat wie man Tr\u00e4ume in Realit\u00e4t verwandelt, und mir das notwendige Know-How und Selbstbewusstsein f\u00fcr zuk\u00fcnftige Projekte vermittelt.\u00a0<\/p>\n<p><\/em><\/div>\n<div>\n<div class=\"elementToProof\"><em>10\/10 would recommend \ud83d\ude42<\/em><\/div>\n<div>\u00a0<\/div>\n<\/div>\n\n\t\t<\/div>\n\t\t\t\t\t<\/div>\n\n\t\n\n<\/div>\n<div class=\"row\"  id=\"row-1201651017\">\n\n\n\t<div id=\"col-1987130334\" class=\"col medium-6 small-12 large-6\"  >\n\t\t\t\t<div class=\"col-inner\"  >\n\t\t\t\n\t\t\t\n\n\t<div class=\"img has-hover x md-x lg-x y md-y lg-y\" id=\"image_1818369528\">\n\t\t\t\t\t\t\t\t<div class=\"img-inner image-cover dark\" style=\"padding-top:56.25%;\">\n\t\t\t<img loading=\"lazy\" decoding=\"async\" width=\"800\" height=\"304\" src=\"https:\/\/gogogo.academy\/wp-content\/uploads\/2026\/03\/Screenshot-2026-03-13-at-16.02.09-800x304.png\" class=\"attachment-medium size-medium\" alt=\"\" srcset=\"https:\/\/gogogo.academy\/wp-content\/uploads\/2026\/03\/Screenshot-2026-03-13-at-16.02.09-800x304.png 800w, https:\/\/gogogo.academy\/wp-content\/uploads\/2026\/03\/Screenshot-2026-03-13-at-16.02.09-1400x533.png 1400w, https:\/\/gogogo.academy\/wp-content\/uploads\/2026\/03\/Screenshot-2026-03-13-at-16.02.09-768x292.png 768w, https:\/\/gogogo.academy\/wp-content\/uploads\/2026\/03\/Screenshot-2026-03-13-at-16.02.09-1536x584.png 1536w, https:\/\/gogogo.academy\/wp-content\/uploads\/2026\/03\/Screenshot-2026-03-13-at-16.02.09-600x228.png 600w, https:\/\/gogogo.academy\/wp-content\/uploads\/2026\/03\/Screenshot-2026-03-13-at-16.02.09.png 1572w\" sizes=\"auto, (max-width: 800px) 100vw, 800px\" \/>\t\t\t\t\t\t\n\t\t\t\t\t<\/div>\n\t\t\t\t\t\t\t\t\n<style>\n#image_1818369528 {\n  width: 100%;\n}\n<\/style>\n\t<\/div>\n\t\n\n<h2>Holle von DEADLY HABIT<\/h2>\n<p><strong>Workshop: Booking Tools &amp; Strategien (Deutsch)<\/strong><\/p>\n<p>Ich hatte im Februar die gro\u00dfe Freude beim <em>Workshop: Booking Tools &amp; Strategies <\/em>von der gro\u00dfartigen Eva teilzunehmen. <br \/><br \/>Der Workshop war super strukturiert, hat f\u00fcr kleinere Bands (uns) und Bands die schon ein bisschen weiter sind gleicherma\u00dfen wichtige und praktisch umsetzbare Strategien, welche schon nach kurzer Zeit die ersten Erfolge im Booking produziert haben. Die zur Verf\u00fcgung gestellten Tools sind super hilfreich und k\u00f6nnen leicht individuell angepasst werden k\u00f6nnen. Kurz gesagt ein sehr zu empfehlender Workshop f\u00fcr alle DIY-Booking Bands, egal auf welchem Level. <br \/><br \/><\/p>\n\n\t\t<\/div>\n\t\t\t\t\t<\/div>\n\n\t\n\n\t<div id=\"col-1165327865\" class=\"col medium-6 small-12 large-6\"  >\n\t\t\t\t<div class=\"col-inner\"  >\n\t\t\t\n\t\t\t\n\n\t<div class=\"img has-hover x md-x lg-x y md-y lg-y\" id=\"image_2054012906\">\n\t\t\t\t\t\t\t\t<div class=\"img-inner image-cover dark\" style=\"padding-top:56.25%;\">\n\t\t\t<img loading=\"lazy\" decoding=\"async\" width=\"424\" height=\"400\" src=\"https:\/\/gogogo.academy\/wp-content\/uploads\/2026\/03\/Screenshot-2026-03-13-at-15.07.57-424x400.png\" class=\"attachment-medium size-medium\" alt=\"\" srcset=\"https:\/\/gogogo.academy\/wp-content\/uploads\/2026\/03\/Screenshot-2026-03-13-at-15.07.57-424x400.png 424w, https:\/\/gogogo.academy\/wp-content\/uploads\/2026\/03\/Screenshot-2026-03-13-at-15.07.57.png 458w\" sizes=\"auto, (max-width: 424px) 100vw, 424px\" \/>\t\t\t\t\t\t\n\t\t\t\t\t<\/div>\n\t\t\t\t\t\t\t\t\n<style>\n#image_2054012906 {\n  width: 100%;\n}\n<\/style>\n\t<\/div>\n\t\n\n<h2>G\u00d6ZDE von BSY AGENCY<\/h2>\n<div class=\"elementToProof\"><strong>Paket: Booking Tools &amp; Strategies (English)\u00a0<\/strong><br \/><strong>+ 1 Stunde Fokus Coaching<br \/><\/strong><em><br \/><\/em><\/div>\n<div>\n<p><strong>Aus dem Workshop<\/strong> habe ich speziell f\u00fcr mein Projekt gelernt, dass ich zwar bereits an anderen Booking-Template-Workshops teilgenommen habe, dieser aber mit Abstand der detaillierteste war. Als Booking-Agentin setze ich mich selbst stark unter Druck und f\u00fchle mich oft zu verantwortlich f\u00fcr meine K\u00fcnstler:innen, ohne dabei immer genug Unterst\u00fctzung von ihnen zu erhalten. Doch besonders die Ideabox bzw. die Brainstorming-Excel-Datei war genau das, was ich gebraucht habe. Denn je mehr sich Bands oder Musiker:innen selbst einbringen, desto mehr Shows k\u00f6nnen sie \u00fcber mich bekommen. <br \/><br \/>Durch die Zusammenarbeit mit ihnen habe ich gelernt, ihre Pr\u00e4senz in der Musikwelt besser einzusch\u00e4tzen, was f\u00fcr mich ein echtes Augen\u00f6ffnen war. Zudem habe ich mein Wissen \u00fcber Mailings und Recherchen weiter verfeinert.<\/p>\n<p>Besonders interessante und relevante Themen waren f\u00fcr mich die Unterschiede zwischen One Sheets und EPKs, das spezifische Fachvokabular zwischen Venues\/Promotern und mir sowie die Details zu Deals \u2013 bis zu diesem Workshop habe ich immer Gemini um Rat gefragt, aber das hat nicht besonders weitergeholfen.<\/p>\n<p>Insgesamt war die Erfahrung wirklich positiv. Der Workshop war interaktiv, sodass es besonders wertvoll war, die Erfahrungen anderer Musiker:innen und Profis zu h\u00f6ren.<\/p>\n<p><strong>Im 1:1-Coaching<\/strong> habe ich speziell gelernt, wie man ein Netzwerk aufbaut und erweitert, wie man effektiv kommuniziert und den Kontakt zu Promotern und Venues aufrechterh\u00e4lt. Manchmal ist es besser, direkt an die T\u00fcr der Venues zu klopfen, statt sich nur mit den Promotern zu befassen.<\/p>\n<p>Alle besprochenen Themen waren besonders interessant und relevant, da sie auf meine Fragen und Evas Erfahrungen zugeschnitten waren. Wir sprachen \u00fcber die Bedeutung von Geduld beim Warten auf Antworten von Venues und Promotern sowie dar\u00fcber, mit einer aufstrebenden Band als Teil ihres Teams zu arbeiten \u2013 und nicht nur als jemand, der f\u00fcr sie Mails verschickt.<\/p>\n<p>Die Kombination aus Workshop und Coaching war eine gro\u00dfartige Erfahrung.<\/p>\n<p>Eine einzelne Stunde f\u00fcr das Coaching w\u00e4re zu kurz gewesen, denn je mehr wir sprachen, desto mehr Fragen und Themen kamen mir in den Sinn. Selbst wenn ich dachte, ich h\u00e4tte ein Thema vollst\u00e4ndig verstanden, gab es immer noch kleine Details zu entdecken. Da ich neu und etwas isoliert in meinem Projekt bin, hat mir Eva mit ehrlichen Wahrheiten und Motivation geholfen, diese Herausforderungen gemeinsam zu meistern. Ich habe das Gef\u00fchl, nicht nur eine Mentorin, sondern auch eine Freundin gewonnen zu haben.<\/p>\n<\/div>\n\n\t\t<\/div>\n\t\t\t\t\t<\/div>\n\n\t\n\n<\/div>\n\n","protected":false},"excerpt":{"rendered":"","protected":false},"author":1,"featured_media":0,"parent":0,"menu_order":0,"comment_status":"closed","ping_status":"closed","template":"","meta":{"footnotes":""},"class_list":["post-495","page","type-page","status-publish","hentry"],"yoast_head":"<!-- This site is optimized with the Yoast SEO plugin v26.9 - https:\/\/yoast.com\/product\/yoast-seo-wordpress\/ -->\n<title>References - Go! Go! Go! Academy<\/title>\n<meta name=\"robots\" content=\"index, follow, max-snippet:-1, max-image-preview:large, max-video-preview:-1\" \/>\n<link rel=\"canonical\" href=\"https:\/\/gogogo.academy\/en\/erfahrungen\/\" \/>\n<meta property=\"og:locale\" content=\"en_US\" \/>\n<meta property=\"og:type\" content=\"article\" \/>\n<meta property=\"og:title\" content=\"References - Go! Go! Go! Academy\" \/>\n<meta property=\"og:url\" content=\"https:\/\/gogogo.academy\/en\/erfahrungen\/\" \/>\n<meta property=\"og:site_name\" content=\"Go! Go! Go! Academy\" \/>\n<meta property=\"article:modified_time\" content=\"2026-04-08T12:09:16+00:00\" \/>\n<meta property=\"og:image\" content=\"https:\/\/gogogo.academy\/wp-content\/uploads\/2026\/01\/GOGOGO_LOGO-scaled.png\" \/>\n\t<meta property=\"og:image:width\" content=\"2560\" \/>\n\t<meta property=\"og:image:height\" content=\"1067\" \/>\n\t<meta property=\"og:image:type\" content=\"image\/png\" \/>\n<meta name=\"twitter:card\" content=\"summary_large_image\" \/>\n<script type=\"application\/ld+json\" class=\"yoast-schema-graph\">{\"@context\":\"https:\/\/schema.org\",\"@graph\":[{\"@type\":\"WebPage\",\"@id\":\"https:\/\/gogogo.academy\/en\/erfahrungen\/\",\"url\":\"https:\/\/gogogo.academy\/en\/erfahrungen\/\",\"name\":\"References - Go! Go! Go! Academy\",\"isPartOf\":{\"@id\":\"https:\/\/gogogo.academy\/en\/#website\"},\"datePublished\":\"2026-03-13T14:51:46+00:00\",\"dateModified\":\"2026-04-08T12:09:16+00:00\",\"breadcrumb\":{\"@id\":\"https:\/\/gogogo.academy\/en\/erfahrungen\/#breadcrumb\"},\"inLanguage\":\"en-US\",\"potentialAction\":[{\"@type\":\"ReadAction\",\"target\":[\"https:\/\/gogogo.academy\/en\/erfahrungen\/\"]}]},{\"@type\":\"BreadcrumbList\",\"@id\":\"https:\/\/gogogo.academy\/en\/erfahrungen\/#breadcrumb\",\"itemListElement\":[{\"@type\":\"ListItem\",\"position\":1,\"name\":\"Home\",\"item\":\"https:\/\/gogogo.academy\/en\/home\/\"},{\"@type\":\"ListItem\",\"position\":2,\"name\":\"References\"}]},{\"@type\":\"WebSite\",\"@id\":\"https:\/\/gogogo.academy\/en\/#website\",\"url\":\"https:\/\/gogogo.academy\/en\/\",\"name\":\"Go! Go! Go! Academy\",\"description\":\"Workshops &amp; Coachings f\u00fcr Artists\",\"publisher\":{\"@id\":\"https:\/\/gogogo.academy\/en\/#organization\"},\"potentialAction\":[{\"@type\":\"SearchAction\",\"target\":{\"@type\":\"EntryPoint\",\"urlTemplate\":\"https:\/\/gogogo.academy\/en\/?s={search_term_string}\"},\"query-input\":{\"@type\":\"PropertyValueSpecification\",\"valueRequired\":true,\"valueName\":\"search_term_string\"}}],\"inLanguage\":\"en-US\"},{\"@type\":\"Organization\",\"@id\":\"https:\/\/gogogo.academy\/en\/#organization\",\"name\":\"Go! Go! Go! Academy\",\"url\":\"https:\/\/gogogo.academy\/en\/\",\"logo\":{\"@type\":\"ImageObject\",\"inLanguage\":\"en-US\",\"@id\":\"https:\/\/gogogo.academy\/en\/#\/schema\/logo\/image\/\",\"url\":\"https:\/\/gogogo.academy\/wp-content\/uploads\/2026\/01\/GOGOGO_LOGO-scaled.png\",\"contentUrl\":\"https:\/\/gogogo.academy\/wp-content\/uploads\/2026\/01\/GOGOGO_LOGO-scaled.png\",\"width\":2560,\"height\":1067,\"caption\":\"Go! Go! Go! Academy\"},\"image\":{\"@id\":\"https:\/\/gogogo.academy\/en\/#\/schema\/logo\/image\/\"}}]}<\/script>\n<!-- \/ Yoast SEO plugin. -->","yoast_head_json":{"title":"References - Go! Go! Go! Academy","robots":{"index":"index","follow":"follow","max-snippet":"max-snippet:-1","max-image-preview":"max-image-preview:large","max-video-preview":"max-video-preview:-1"},"canonical":"https:\/\/gogogo.academy\/en\/erfahrungen\/","og_locale":"en_US","og_type":"article","og_title":"References - Go! Go! Go! Academy","og_url":"https:\/\/gogogo.academy\/en\/erfahrungen\/","og_site_name":"Go! Go! Go! Academy","article_modified_time":"2026-04-08T12:09:16+00:00","og_image":[{"width":2560,"height":1067,"url":"https:\/\/gogogo.academy\/wp-content\/uploads\/2026\/01\/GOGOGO_LOGO-scaled.png","type":"image\/png"}],"twitter_card":"summary_large_image","schema":{"@context":"https:\/\/schema.org","@graph":[{"@type":"WebPage","@id":"https:\/\/gogogo.academy\/en\/erfahrungen\/","url":"https:\/\/gogogo.academy\/en\/erfahrungen\/","name":"References - Go! Go! Go! Academy","isPartOf":{"@id":"https:\/\/gogogo.academy\/en\/#website"},"datePublished":"2026-03-13T14:51:46+00:00","dateModified":"2026-04-08T12:09:16+00:00","breadcrumb":{"@id":"https:\/\/gogogo.academy\/en\/erfahrungen\/#breadcrumb"},"inLanguage":"en-US","potentialAction":[{"@type":"ReadAction","target":["https:\/\/gogogo.academy\/en\/erfahrungen\/"]}]},{"@type":"BreadcrumbList","@id":"https:\/\/gogogo.academy\/en\/erfahrungen\/#breadcrumb","itemListElement":[{"@type":"ListItem","position":1,"name":"Home","item":"https:\/\/gogogo.academy\/en\/home\/"},{"@type":"ListItem","position":2,"name":"References"}]},{"@type":"WebSite","@id":"https:\/\/gogogo.academy\/en\/#website","url":"https:\/\/gogogo.academy\/en\/","name":"Go! Go! Go! Academy","description":"Workshops &amp; Coachings f\u00fcr Artists","publisher":{"@id":"https:\/\/gogogo.academy\/en\/#organization"},"potentialAction":[{"@type":"SearchAction","target":{"@type":"EntryPoint","urlTemplate":"https:\/\/gogogo.academy\/en\/?s={search_term_string}"},"query-input":{"@type":"PropertyValueSpecification","valueRequired":true,"valueName":"search_term_string"}}],"inLanguage":"en-US"},{"@type":"Organization","@id":"https:\/\/gogogo.academy\/en\/#organization","name":"Go! Go! Go! Academy","url":"https:\/\/gogogo.academy\/en\/","logo":{"@type":"ImageObject","inLanguage":"en-US","@id":"https:\/\/gogogo.academy\/en\/#\/schema\/logo\/image\/","url":"https:\/\/gogogo.academy\/wp-content\/uploads\/2026\/01\/GOGOGO_LOGO-scaled.png","contentUrl":"https:\/\/gogogo.academy\/wp-content\/uploads\/2026\/01\/GOGOGO_LOGO-scaled.png","width":2560,"height":1067,"caption":"Go! Go! Go! Academy"},"image":{"@id":"https:\/\/gogogo.academy\/en\/#\/schema\/logo\/image\/"}}]}},"_links":{"self":[{"href":"https:\/\/gogogo.academy\/en\/wp-json\/wp\/v2\/pages\/495","targetHints":{"allow":["GET"]}}],"collection":[{"href":"https:\/\/gogogo.academy\/en\/wp-json\/wp\/v2\/pages"}],"about":[{"href":"https:\/\/gogogo.academy\/en\/wp-json\/wp\/v2\/types\/page"}],"author":[{"embeddable":true,"href":"https:\/\/gogogo.academy\/en\/wp-json\/wp\/v2\/users\/1"}],"replies":[{"embeddable":true,"href":"https:\/\/gogogo.academy\/en\/wp-json\/wp\/v2\/comments?post=495"}],"version-history":[{"count":14,"href":"https:\/\/gogogo.academy\/en\/wp-json\/wp\/v2\/pages\/495\/revisions"}],"predecessor-version":[{"id":550,"href":"https:\/\/gogogo.academy\/en\/wp-json\/wp\/v2\/pages\/495\/revisions\/550"}],"wp:attachment":[{"href":"https:\/\/gogogo.academy\/en\/wp-json\/wp\/v2\/media?parent=495"}],"curies":[{"name":"wp","href":"https:\/\/api.w.org\/{rel}","templated":true}]}}